{"id":12,"date":"2018-02-22T07:35:46","date_gmt":"2018-02-22T07:35:46","guid":{"rendered":"http:\/\/www.sygyt.com\/de\/?page_id=12"},"modified":"2024-12-03T10:23:56","modified_gmt":"2024-12-03T08:23:56","slug":"front-page-de","status":"publish","type":"page","link":"https:\/\/www.sygyt.com\/de\/","title":{"rendered":"Sygyt Software: Entwickler von Overtone Analyzer und VoceVista Video"},"content":{"rendered":"\n<style type=\"text\/css\" data-created_by=\"avia_inline_auto\" id=\"style-css-av-960es-ccbe10a9dd4739b880256a09ecb19152\">\n.flex_column.av-960es-ccbe10a9dd4739b880256a09ecb19152{\nborder-radius:0px 0px 0px 0px;\npadding:0px 0px 0px 0px;\n}\n<\/style>\n<div  class='flex_column av-960es-ccbe10a9dd4739b880256a09ecb19152 av_two_third  avia-builder-el-0  el_before_av_one_third  avia-builder-el-first  first flex_column_div av-zero-column-padding  '     ><style type=\"text\/css\" data-created_by=\"avia_inline_auto\" id=\"style-css-av-ut9o-c4064fb14c8396c3c7fbb1bb9d86b279\">\n.avia-image-container.av-ut9o-c4064fb14c8396c3c7fbb1bb9d86b279 img.avia_image{\nbox-shadow:none;\n}\n.avia-image-container.av-ut9o-c4064fb14c8396c3c7fbb1bb9d86b279 .av-image-caption-overlay-center{\ncolor:#ffffff;\n}\n<\/style>\n<div  class='avia-image-container av-ut9o-c4064fb14c8396c3c7fbb1bb9d86b279 av-styling- avia-align-center  avia-builder-el-1  avia-builder-el-no-sibling '   itemprop=\"image\" itemscope=\"itemscope\" itemtype=\"https:\/\/schema.org\/ImageObject\" ><div class=\"avia-image-container-inner\"><div class=\"avia-image-overlay-wrap\"><img decoding=\"async\" fetchpriority=\"high\" class='wp-image-398 avia-img-lazy-loading-not-398 avia_image ' src=\"https:\/\/www.sygyt.com\/de\/wp-content\/uploads\/sites\/6\/2024\/08\/vvvp5.8.0s-1030x604.avif\" alt='Screenshot von VoceVistaVideo Pro 5.8.0' title='vvvp5.8.0s'  height=\"604\" width=\"1030\"  itemprop=\"thumbnailUrl\" srcset=\"https:\/\/www.sygyt.com\/de\/wp-content\/uploads\/sites\/6\/2024\/08\/vvvp5.8.0s-1030x604.avif 1030w, https:\/\/www.sygyt.com\/de\/wp-content\/uploads\/sites\/6\/2024\/08\/vvvp5.8.0s-300x176.avif 300w, https:\/\/www.sygyt.com\/de\/wp-content\/uploads\/sites\/6\/2024\/08\/vvvp5.8.0s-768x451.avif 768w, https:\/\/www.sygyt.com\/de\/wp-content\/uploads\/sites\/6\/2024\/08\/vvvp5.8.0s-1536x901.avif 1536w, https:\/\/www.sygyt.com\/de\/wp-content\/uploads\/sites\/6\/2024\/08\/vvvp5.8.0s-2048x1202.avif 2048w, https:\/\/www.sygyt.com\/de\/wp-content\/uploads\/sites\/6\/2024\/08\/vvvp5.8.0s-1500x880.avif 1500w, https:\/\/www.sygyt.com\/de\/wp-content\/uploads\/sites\/6\/2024\/08\/vvvp5.8.0s-705x414.avif 705w\" sizes=\"(max-width: 1030px) 100vw, 1030px\" \/><\/div><\/div><\/div><\/div>\n<style type=\"text\/css\" data-created_by=\"avia_inline_auto\" id=\"style-css-av-86pnk-5275825afe22c5e1c14d4b980938824c\">\n.flex_column.av-86pnk-5275825afe22c5e1c14d4b980938824c{\nborder-radius:0px 0px 0px 0px;\npadding:0px 0px 0px 0px;\n}\n<\/style>\n<div  class='flex_column av-86pnk-5275825afe22c5e1c14d4b980938824c av_one_third  avia-builder-el-2  el_after_av_two_third  el_before_av_layout_row  avia-builder-el-last  flex_column_div av-zero-column-padding  '     ><section  class='av_textblock_section av-7bn24-a1574693791f954d523f55e10d5822a1 '   itemscope=\"itemscope\" itemtype=\"https:\/\/schema.org\/CreativeWork\" ><div class='avia_textblock'  itemprop=\"text\" ><p><img loading=\"lazy\" decoding=\"async\" class=\"size-full wp-image-297 alignnone\" src=\"https:\/\/www.sygyt.com\/img\/VVV_Logo_Pro_grey_100@2x.png\" alt=\"VoceVista Video\" width=\"199\" height=\"50\" \/><\/p>\n<p><strong>VoceVista Video<\/strong>\u00a0ist eine Software-Anwendung f\u00fcr die interaktive Aufnahme und Erforschung von Kl\u00e4ngen. Die visuelle Darstellung eines Tons erm\u00f6glicht das schnelle Erkennen der Grundmelodie, der Klangfarbe (Timbre) und der Obert\u00f6ne. Es macht es auch einfach, Audiodateien visuell zu vergleichen.<br \/>\nVoceVista Video eignet sich besonders als Feedback-Tool, um Gesang zu \u00fcben und die Entwicklung der Stimme im Verlauf einer Stimmbildung oder -therapie zu dokumentieren. <a href=\"https:\/\/www.sygyt.com\/de\/produkte\/\">Erfahren Sie mehr<\/a><\/p>\n<div class=\"sygytCenteredText\"><div  class='avia-button-wrap av-6qpl4-ee28f34531b06d1121fd159def3a45ed-wrap avia-button-left  avia-builder-el-4  el_before_av_button  avia-builder-el-first  sygytInlineButton'><a href='https:\/\/www.sygyt.com\/de\/select-download-version\/'  class='avia-button av-6qpl4-ee28f34531b06d1121fd159def3a45ed av-link-btn avia-icon_select-yes-left-icon avia-size-small avia-position-left avia-color-theme-color'   aria-label=\"Download\"><span class='avia_button_icon avia_button_icon_left avia-iconfont avia-font-fontello' data-av_icon='\ue800' data-av_iconfont='fontello' ><\/span><span class='avia_iconbox_title' >Download<\/span><\/a><\/div><div  class='avia-button-wrap av-68q4s-4648bbec568373a068d3d8c6a4be2c94-wrap avia-button-left  avia-builder-el-5  el_after_av_button  avia-builder-el-last  sygytInlineButton'><a href='https:\/\/www.sygyt.com\/de\/bestellen\/'  class='avia-button av-68q4s-4648bbec568373a068d3d8c6a4be2c94 av-link-btn avia-icon_select-yes-left-icon avia-size-small avia-position-left avia-color-blue'   aria-label=\"Buy\"><span class='avia_button_icon avia_button_icon_left avia-iconfont avia-font-entypo-fontello' data-av_icon='\ue859' data-av_iconfont='entypo-fontello' ><\/span><span class='avia_iconbox_title' >Buy<\/span><\/a><\/div><\/div>\n<\/div><\/section><\/div><\/p>\n<\/div><\/div><\/div><!-- close content main div --><\/div><\/div><div id='av-layout-grid-1'  class='av-layout-grid-container av-kckk-2c1682c3dea46d8941745e9a930dbdac entry-content-wrapper alternate_color av-border-top-bottom av-border-cells av-flex-cells  avia-builder-el-6  el_after_av_one_third  avia-builder-el-last  grid-row-not-first  container_wrap fullsize'  >\n\n<style type=\"text\/css\" data-created_by=\"avia_inline_auto\" id=\"style-css-av-4xzvo-9ef98d45bc718d514aa59ff6c1fe609f\">\n.flex_cell.av-4xzvo-9ef98d45bc718d514aa59ff6c1fe609f{\nvertical-align:top;\n}\n.responsive #top #wrap_all .flex_cell.av-4xzvo-9ef98d45bc718d514aa59ff6c1fe609f{\npadding:30px 30px 30px 30px !important;\n}\n<\/style>\n<div class='flex_cell av-4xzvo-9ef98d45bc718d514aa59ff6c1fe609f av-gridrow-cell av_one_fourth no_margin  avia-builder-el-7  el_before_av_cell_one_fourth  avia-builder-el-first  content-align-top'  ><div class='flex_cell_inner'><section  class='av_textblock_section av-4bxfo-b313e529ac53415eeeb2baaad1be789b '   itemscope=\"itemscope\" itemtype=\"https:\/\/schema.org\/CreativeWork\" ><div class='avia_textblock'  itemprop=\"text\" ><h3>Stimmschulung \/ Therapie<\/h3>\n<ul>\n<li>Aufnahme von Stimmunterrichtsstunden<\/li>\n<li>Erkl\u00e4rungshilfe f\u00fcr stimmliche Ph\u00e4nomene<\/li>\n<li>Erstellen und Wiederholen von \u00dcbungen<\/li>\n<li>Protokollierung der stimmlichen Entwicklung<\/li>\n<\/ul>\n<\/div><\/section>\n<\/div><\/div>\n<style type=\"text\/css\" data-created_by=\"avia_inline_auto\" id=\"style-css-av-3rxu4-9064ef7518f174637688dab24efd4a0b\">\n.flex_cell.av-3rxu4-9064ef7518f174637688dab24efd4a0b{\nvertical-align:top;\n}\n.responsive #top #wrap_all .flex_cell.av-3rxu4-9064ef7518f174637688dab24efd4a0b{\npadding:30px 30px 30px 30px !important;\n}\n<\/style>\n<div class='flex_cell av-3rxu4-9064ef7518f174637688dab24efd4a0b av-gridrow-cell av_one_fourth no_margin  avia-builder-el-9  el_after_av_cell_one_fourth  el_before_av_cell_one_fourth  content-align-top'  ><div class='flex_cell_inner'><section  class='av_textblock_section av-34k8w-ba6c09cb313e46c8e2e995d44949aa6f '   itemscope=\"itemscope\" itemtype=\"https:\/\/schema.org\/CreativeWork\" ><div class='avia_textblock'  itemprop=\"text\" ><h3>Gesangslehrer und Sch\u00fcler<\/h3>\n<ul>\n<li>Visuelles Feedback durch Darstellung von S\u00e4ngerformanten, Vibrato, Stimmansatz, Klangfarbe<\/li>\n<li>\u00dcben von Intervallen und Melodien, Anzeige der Tonh\u00f6henabweichung<\/li>\n<li>Erlernen und Unterrichten von Obertongesang<\/li>\n<\/ul>\n<\/div><\/section>\n<\/div><\/div>\n<style type=\"text\/css\" data-created_by=\"avia_inline_auto\" id=\"style-css-av-2gb3k-e90fc4213d18afd5e6ebb1446f4034ff\">\n.flex_cell.av-2gb3k-e90fc4213d18afd5e6ebb1446f4034ff{\nvertical-align:top;\n}\n.responsive #top #wrap_all .flex_cell.av-2gb3k-e90fc4213d18afd5e6ebb1446f4034ff{\npadding:30px 30px 30px 30px !important;\n}\n<\/style>\n<div class='flex_cell av-2gb3k-e90fc4213d18afd5e6ebb1446f4034ff av-gridrow-cell av_one_fourth no_margin  avia-builder-el-11  el_after_av_cell_one_fourth  el_before_av_cell_one_fourth  content-align-top'  ><div class='flex_cell_inner'><section  class='av_textblock_section av-74vk-ce9cc59a78f19e3fa832544031564ac5 '   itemscope=\"itemscope\" itemtype=\"https:\/\/schema.org\/CreativeWork\" ><div class='avia_textblock'  itemprop=\"text\" ><h3>Instrumentebauer \/ Klangschalenhersteller und H\u00e4ndler<\/h3>\n<ul>\n<li>sehr genaue Frequenzmessung, auch bei Instrumenten wie Klangschalen die mehrere unabh\u00e4ngige T\u00f6ne haben<\/li>\n<li>Messung von Planetent\u00f6nen und anderen Tonsystemen<\/li>\n<li>Dokumentation der Klangeigenschaften<\/li>\n<\/ul>\n<\/div><\/section>\n<\/div><\/div>\n<style type=\"text\/css\" data-created_by=\"avia_inline_auto\" id=\"style-css-av-1fvdc-f5e47a2fd0c2664c5f8125b210bace60\">\n.flex_cell.av-1fvdc-f5e47a2fd0c2664c5f8125b210bace60{\nvertical-align:top;\n}\n.responsive #top #wrap_all .flex_cell.av-1fvdc-f5e47a2fd0c2664c5f8125b210bace60{\npadding:30px 30px 30px 30px !important;\n}\n<\/style>\n<div class='flex_cell av-1fvdc-f5e47a2fd0c2664c5f8125b210bace60 av-gridrow-cell av_one_fourth no_margin  avia-builder-el-13  el_after_av_cell_one_fourth  avia-builder-el-last  content-align-top'  ><div class='flex_cell_inner'><section  class='av_textblock_section av-vdhg-48da1ed6fa8064b481a5f96caf3dd288 '   itemscope=\"itemscope\" itemtype=\"https:\/\/schema.org\/CreativeWork\" ><div class='avia_textblock'  itemprop=\"text\" ><h3>Musiker und Musiklehrer<\/h3>\n<ul>\n<li>Darstellung der Zusammenh\u00e4nge zwischen Klangphysik und Wahrnehmung von Musik<\/li>\n<li>Transkription von Musikst\u00fccken<\/li>\n<li>Zuordnung und Wiedergabe der Obertonintervalle als Erkl\u00e4rungs- und Kompositionshilfe<\/li>\n<\/ul>\n<\/div><\/section>\n<\/div><\/div>\n<\/div>\n","protected":false},"excerpt":{"rendered":"","protected":false},"author":1,"featured_media":0,"parent":0,"menu_order":0,"comment_status":"closed","ping_status":"closed","template":"","meta":{"footnotes":""},"class_list":["post-12","page","type-page","status-publish","hentry"],"_links":{"self":[{"href":"https:\/\/www.sygyt.com\/de\/wp-json\/wp\/v2\/pages\/12","targetHints":{"allow":["GET"]}}],"collection":[{"href":"https:\/\/www.sygyt.com\/de\/wp-json\/wp\/v2\/pages"}],"about":[{"href":"https:\/\/www.sygyt.com\/de\/wp-json\/wp\/v2\/types\/page"}],"author":[{"embeddable":true,"href":"https:\/\/www.sygyt.com\/de\/wp-json\/wp\/v2\/users\/1"}],"replies":[{"embeddable":true,"href":"https:\/\/www.sygyt.com\/de\/wp-json\/wp\/v2\/comments?post=12"}],"version-history":[{"count":3,"href":"https:\/\/www.sygyt.com\/de\/wp-json\/wp\/v2\/pages\/12\/revisions"}],"predecessor-version":[{"id":377,"href":"https:\/\/www.sygyt.com\/de\/wp-json\/wp\/v2\/pages\/12\/revisions\/377"}],"wp:attachment":[{"href":"https:\/\/www.sygyt.com\/de\/wp-json\/wp\/v2\/media?parent=12"}],"curies":[{"name":"wp","href":"https:\/\/api.w.org\/{rel}","templated":true}]}}