{"id":17,"date":"2018-02-22T13:43:51","date_gmt":"2018-02-22T13:43:51","guid":{"rendered":"http:\/\/www.sygyt.com\/de\/?page_id=17"},"modified":"2025-11-03T15:01:59","modified_gmt":"2025-11-03T13:01:59","slug":"produkte","status":"publish","type":"page","link":"https:\/\/www.sygyt.com\/de\/produkte\/","title":{"rendered":"Unsere Produkte"},"content":{"rendered":"\n<style type=\"text\/css\" data-created_by=\"avia_inline_auto\" id=\"style-css-av-15y2o1-b4fe51c0724c558899620f0036ec7e13\">\n.flex_column.av-15y2o1-b4fe51c0724c558899620f0036ec7e13{\nborder-radius:0px 0px 0px 0px;\npadding:0px 0px 0px 0px;\n}\n<\/style>\n<div  class='flex_column av-15y2o1-b4fe51c0724c558899620f0036ec7e13 av_one_full  avia-builder-el-0  el_before_av_one_third  avia-builder-el-first  first flex_column_div av-zero-column-padding  '     ><section  class='av_textblock_section av-15nfkd-afeb32a8a381a87d843fbf4fe945b42c '   itemscope=\"itemscope\" itemtype=\"https:\/\/schema.org\/CreativeWork\" ><div class='avia_textblock'  itemprop=\"text\" ><h2>Produktvergleich<\/h2>\n<p>Unsere Klang-Visualisierungssoftware gibt es in verschiedenen Editionen mit unterschiedlichen Leistungsmerkmalen. Die Einstiegsversionen sind preislich auf die Kosten von ein oder zwei Gesangsstunden abgestimmt und sind f\u00fcr Gesangs- und Instrumental\u00fcbungen gedacht.<\/p>\n<p>Die Professional Edition verf\u00fcgt \u00fcber zus\u00e4tzliche Funktionen f\u00fcr hochgenaue Messungen und weiterf\u00fchrende Vergleiche von Kl\u00e4ngen.<\/p>\n<\/div><\/section><\/div>\n\n<style type=\"text\/css\" data-created_by=\"avia_inline_auto\" id=\"style-css-av-14tylx-db627a5ea796f52b86b07730d165267e\">\n.flex_column.av-14tylx-db627a5ea796f52b86b07730d165267e{\nborder-radius:0px 0px 0px 0px;\npadding:0px 0px 0px 0px;\n}\n<\/style>\n<div  class='flex_column av-14tylx-db627a5ea796f52b86b07730d165267e av_one_third  avia-builder-el-2  el_after_av_one_full  el_before_av_one_third  first flex_column_div av-zero-column-padding  column-top-margin'     ><section  class='av_textblock_section av-146ul5-0ff59512d4d96e8d1f61793e4611989a '   itemscope=\"itemscope\" itemtype=\"https:\/\/schema.org\/CreativeWork\" ><div class='avia_textblock'  itemprop=\"text\" ><p><img loading=\"lazy\" decoding=\"async\" class=\"size-full wp-image-62 alignnone\" src=\"https:\/\/www.sygyt.com\/de\/img\/oa_logo_318x80@2x.png\" alt=\"\" width=\"159\" height=\"40\" \/><br \/>\nMit <strong>Overtone Analyzer\u00a0<\/strong>k\u00f6nnen Sie T\u00f6ne aufnehmen, und in Echtzeit sehen und analysieren. Die Visualisierung zeigt die Grundtonh\u00f6he und das Obertonspektrum des Klangs. Dies zeigt Ihnen, welche Frequenzen in Ihrem Sound enthalten sind und wie laut sie sind. Im Gegensatz zu vielen anderen Spektrumanalysatoren, die in erster Linie f\u00fcr Experten mit einem Hintergrund in der Physik des Klangs gedacht sind, hilft der Overtone Analyzer, die musikalische Interpretation des Klangs zu visualisieren und die Rolle harmonischer Obert\u00f6ne, insbesondere in der Stimme, zu verstehen.<\/p>\n<p>Overtone Analyzer bietet dar\u00fcber hinaus die wichtigsten Funktionen f\u00fcr die schnelle Nachbearbeitung und Bearbeitung von Aufnahmen ohne lange Einarbeitungszeit.<\/p>\n<\/div><\/section><\/div>\n\n<style type=\"text\/css\" data-created_by=\"avia_inline_auto\" id=\"style-css-av-13vdgx-18b640b1b991475bdf2e4eb0f3db19c6\">\n.flex_column.av-13vdgx-18b640b1b991475bdf2e4eb0f3db19c6{\nborder-radius:0px 0px 0px 0px;\npadding:0px 0px 0px 0px;\n}\n<\/style>\n<div  class='flex_column av-13vdgx-18b640b1b991475bdf2e4eb0f3db19c6 av_one_third  avia-builder-el-4  el_after_av_one_third  el_before_av_one_third  flex_column_div av-zero-column-padding  column-top-margin'     ><section  class='av_textblock_section av-3wqr9-741b657e523ed597853bba6d0588f4da '   itemscope=\"itemscope\" itemtype=\"https:\/\/schema.org\/CreativeWork\" ><div class='avia_textblock'  itemprop=\"text\" ><p><img loading=\"lazy\" decoding=\"async\" class=\"size-full wp-image-62 alignnone\" src=\"https:\/\/www.sygyt.com\/de\/img\/vvv_logo_318x80@2x.png\" alt=\"\" width=\"159\" height=\"40\" \/><br \/>\n<strong>VoceVista Video <\/strong>erm\u00f6glicht den Vergleich von Aufnahmen nebeneinander. Dies erm\u00f6glicht es, mehrere Aufnahmen derselben \u00dcbung zu vergleichen oder die Leistung eines Lehrers und eines Sch\u00fclers zu vergleichen.<\/p>\n<p>Es verf\u00fcgt auch \u00fcber Echtzeit-Frequenzfilter, die es erm\u00f6glichen, Teile des Spektrums interaktiv zu filtern, um viele Aspekte der Stimme besser zu verstehen (z.B. Klangfarbe und Formant des S\u00e4ngers).<br \/>\nDas Vokaldiagramm hilft zu verstehen, wie die Obert\u00f6ne in der Stimme Vokale erzeugen.<\/p>\n<p>Dar\u00fcber hinaus wird VoceVista Video demn\u00e4chst auch die synchrone Aufzeichnung und Wiedergabe von Videos von Sch\u00fclern oder Patienten erm\u00f6glichen.<\/p>\n<\/div><\/section><\/div>\n\n<style type=\"text\/css\" data-created_by=\"avia_inline_auto\" id=\"style-css-av-12d3m1-8d203521c109192d59c152652a5b5956\">\n.flex_column.av-12d3m1-8d203521c109192d59c152652a5b5956{\nborder-radius:0px 0px 0px 0px;\npadding:0px 0px 0px 0px;\n}\n<\/style>\n<div  class='flex_column av-12d3m1-8d203521c109192d59c152652a5b5956 av_one_third  avia-builder-el-6  el_after_av_one_third  el_before_av_hr  flex_column_div av-zero-column-padding  column-top-margin'     ><section  class='av_textblock_section av-11vchp-dc0f5840600cf7b7ac9a8b47a3774483 '   itemscope=\"itemscope\" itemtype=\"https:\/\/schema.org\/CreativeWork\" ><div class='avia_textblock'  itemprop=\"text\" ><p><img loading=\"lazy\" decoding=\"async\" class=\"size-full wp-image-62 alignnone\" src=\"https:\/\/www.sygyt.com\/de\/img\/vvvp_logo_318x80@2x.png\" alt=\"\" width=\"159\" height=\"40\" \/><br \/>\n<strong>VoceVista Video Pro <\/strong>f\u00fcgt Spektren und Spektrogramme mit ultrahoher Frequenzaufl\u00f6sung f\u00fcr hochpr\u00e4zise Messanwendungen hinzu.<\/p>\n<p>Es f\u00fcgt auch das Langzeitspektrum hinzu, um die spektrale H\u00fcllkurve l\u00e4ngerer Passagen anzuzeigen und zu vergleichen.<br \/>\nMarkierungen erm\u00f6glichen es, Ausschnitte einer Aufnahme zu beschriften, so dass das Auffinden einzelner Passagen auch bei l\u00e4ngeren Aufnahmen einfach ist.<br \/>\nVoceVista Video Pro bietet au\u00dferdem Unterst\u00fctzung f\u00fcr den Elektroglottographen (EGG), sowie f\u00fcr erweiterte Analyse- und Exportfunktionen.<\/p>\n<\/div><\/section><\/div>\n<div  class='hr av-118zbl-e748fc9c7a9429ec7a9f225b08899a4e hr-default  avia-builder-el-8  el_after_av_one_third  el_before_av_one_full '><span class='hr-inner '><span class=\"hr-inner-style\"><\/span><\/span><\/div>\n\n<style type=\"text\/css\" data-created_by=\"avia_inline_auto\" id=\"style-css-av-10m9f5-e07ad3f1379458562a0221722cdb5bd0\">\n.flex_column.av-10m9f5-e07ad3f1379458562a0221722cdb5bd0{\nborder-radius:0px 0px 0px 0px;\npadding:0px 0px 0px 0px;\n}\n<\/style>\n<div  class='flex_column av-10m9f5-e07ad3f1379458562a0221722cdb5bd0 av_one_full  avia-builder-el-9  el_after_av_hr  el_before_av_table  first flex_column_div av-zero-column-padding  '     ><section  class='av_textblock_section av-106cnp-0fa338309c174a74f4315d392e394944 '   itemscope=\"itemscope\" itemtype=\"https:\/\/schema.org\/CreativeWork\" ><div class='avia_textblock'  itemprop=\"text\" ><h2>Leistungsmerkmale im \u00dcberblick<\/h2>\n<\/div><\/section><\/div>\n<div class='avia-data-table-wrap av-3ixgh-71694f88ad9abaf933b955e5a866db51 avia_responsive_table avia-table-1'><table  class='avia-table avia-data-table avia_pricing_default  avia-builder-el-11  el_after_av_one_full  el_before_av_textblock  sygytProductTable'  itemscope=\"itemscope\" itemtype=\"https:\/\/schema.org\/Table\" ><caption>Editionen<\/caption><tbody><tr class='avia-heading-row'><th class='avia-desc-col'><\/th><th class='avia-center-col'><img loading=\"lazy\" decoding=\"async\" src=\"https:\/\/www.sygyt.com\/de\/img\/oa86@2x.png\" width=\"57\" height=\"43\" \/><br \/>\nOvertone Analyzer<\/th><th class='avia-center-col'><img loading=\"lazy\" decoding=\"async\" src=\"https:\/\/www.sygyt.com\/de\/img\/vvv88@2x.png\" width=\"44\" height=\"44\" \/><br \/>\nVoceVista Video<\/th><th class='avia-center-col'><img loading=\"lazy\" decoding=\"async\" src=\"https:\/\/www.sygyt.com\/de\/img\/vvvp88@2x.png\" width=\"44\" height=\"44\" \/><br \/>\nVoceVista Video Pro<\/th><\/tr><tr class=''><th class='avia-desc-col'>\u2022 Aufnahme von Audiodateien mit unbegrenzter L\u00e4nge<br \/>\n\u2022 Darstellung von Spektrogrammen und Spektren in hoher Qualit\u00e4t<br \/>\n\u2022 Bearbeiten von Aufnahmen mit dem integrierten Audio Editor<br \/>\n\u2022 Obertonschieber<br \/>\n\u2022 Klanggenerator f\u00fcr Kalibrierung und spielerisches Verstehen<\/th><td class='avia-center-col'>\n<style type=\"text\/css\" data-created_by=\"avia_inline_auto\" id=\"style-css-av-u5075-baef69b10b045e584dfe7ba7142b4f5f\">\n.av_font_icon.av-u5075-baef69b10b045e584dfe7ba7142b4f5f .av-icon-char{\nfont-size:1em;\nline-height:1em;\n}\n<\/style>\n<span  class='av_font_icon av-u5075-baef69b10b045e584dfe7ba7142b4f5f avia_animate_when_visible av-icon-style- avia-icon-pos-center avia-iconfont avia-font-entypo-fontello av-no-color avia-icon-animate'><span class='av-icon-char' data-av_icon='\ue89a' data-av_iconfont='entypo-fontello' aria-hidden=\"true\" ><\/span><\/span><\/td><td class='avia-center-col'>\n<style type=\"text\/css\" data-created_by=\"avia_inline_auto\" id=\"style-css-av-spu81-cac0313ed93b0a9eca410a0322cc56a6\">\n.av_font_icon.av-spu81-cac0313ed93b0a9eca410a0322cc56a6 .av-icon-char{\nfont-size:1em;\nline-height:1em;\n}\n<\/style>\n<span  class='av_font_icon av-spu81-cac0313ed93b0a9eca410a0322cc56a6 avia_animate_when_visible av-icon-style- avia-icon-pos-center avia-iconfont avia-font-entypo-fontello av-no-color avia-icon-animate'><span class='av-icon-char' data-av_icon='\ue89a' data-av_iconfont='entypo-fontello' aria-hidden=\"true\" ><\/span><\/span><\/td><td class='avia-center-col'>\n<style type=\"text\/css\" data-created_by=\"avia_inline_auto\" id=\"style-css-av-rklnl-02efc33c8029ab3b78b4763ffc513645\">\n.av_font_icon.av-rklnl-02efc33c8029ab3b78b4763ffc513645 .av-icon-char{\nfont-size:1em;\nline-height:1em;\n}\n<\/style>\n<span  class='av_font_icon av-rklnl-02efc33c8029ab3b78b4763ffc513645 avia_animate_when_visible av-icon-style- avia-icon-pos-center avia-iconfont avia-font-entypo-fontello av-no-color avia-icon-animate'><span class='av-icon-char' data-av_icon='\ue89a' data-av_iconfont='entypo-fontello' aria-hidden=\"true\" ><\/span><\/span><\/td><\/tr><tr class=''><th class='avia-desc-col'>\u2022 Frequenzfilter<br \/>\n\u2022 Nebeneinander-Vergleich verschiedener Aufnahmen<br \/>\n\u2022 Vokaldiagramm<br \/>\n\u2022 Simulation von Vokaltraktresonanzen<br \/>\n\u2022 Gegl\u00e4ttete Kurven (zeigt die H\u00fcllkurve des Spektrums)<br \/>\n\u2022 Export von Bildern<\/th><td class='avia-center-col'>&#8211;<\/td><td class='avia-center-col'>\n<style type=\"text\/css\" data-created_by=\"avia_inline_auto\" id=\"style-css-av-ot3eh-5fff254acfe70e951fc8e4419397f5b4\">\n.av_font_icon.av-ot3eh-5fff254acfe70e951fc8e4419397f5b4 .av-icon-char{\nfont-size:1em;\nline-height:1em;\n}\n<\/style>\n<span  class='av_font_icon av-ot3eh-5fff254acfe70e951fc8e4419397f5b4 avia_animate_when_visible av-icon-style- avia-icon-pos-center avia-iconfont avia-font-entypo-fontello av-no-color avia-icon-animate'><span class='av-icon-char' data-av_icon='\ue89a' data-av_iconfont='entypo-fontello' aria-hidden=\"true\" ><\/span><\/span><\/td><td class='avia-center-col'>\n<style type=\"text\/css\" data-created_by=\"avia_inline_auto\" id=\"style-css-av-nbst1-baf319cdd42677f2d178b4234370f3bb\">\n.av_font_icon.av-nbst1-baf319cdd42677f2d178b4234370f3bb .av-icon-char{\nfont-size:1em;\nline-height:1em;\n}\n<\/style>\n<span  class='av_font_icon av-nbst1-baf319cdd42677f2d178b4234370f3bb avia_animate_when_visible av-icon-style- avia-icon-pos-center avia-iconfont avia-font-entypo-fontello av-no-color avia-icon-animate'><span class='av-icon-char' data-av_icon='\ue89a' data-av_iconfont='entypo-fontello' aria-hidden=\"true\" ><\/span><\/span><\/td><\/tr><tr class=''><th class='avia-desc-col'>\u2022 Hochpr\u00e4zise Messungen und HD-Spektrum<br \/>\n\u2022 Analyse-Ansicht (zeigt Messwerte numerisch)<br \/>\n\u2022 Export der Ergebnisse in Spreadsheet (Excel, Libreoffice, etc)<br \/>\n\u2022 Lesezeichen und Markierungen<br \/>\n\u2022 Langzeitspektrum<br \/>\n\u2022 Einstellungen in benutzerdefinierte Profile speichern<\/th><td class='avia-center-col'>&#8211;<\/td><td class='avia-center-col'>&#8211;<\/td><td class='avia-center-col'>\n<style type=\"text\/css\" data-created_by=\"avia_inline_auto\" id=\"style-css-av-h35jd-3d4e730fb1d1390d97661afc0ef3ba96\">\n.av_font_icon.av-h35jd-3d4e730fb1d1390d97661afc0ef3ba96 .av-icon-char{\nfont-size:1em;\nline-height:1em;\n}\n<\/style>\n<span  class='av_font_icon av-h35jd-3d4e730fb1d1390d97661afc0ef3ba96 avia_animate_when_visible av-icon-style- avia-icon-pos-center avia-iconfont avia-font-entypo-fontello av-no-color avia-icon-animate'><span class='av-icon-char' data-av_icon='\ue89a' data-av_iconfont='entypo-fontello' aria-hidden=\"true\" ><\/span><\/span><\/td><\/tr><tr class=''><th class='avia-desc-col'>\u2022 Vibratoanalyse<br \/>\n\u2022 EGG (Electroglottograph)<\/th><td class='avia-center-col'>&#8211;<\/td><td class='avia-center-col'>&#8211;<\/td><td class='avia-center-col'>\n<style type=\"text\/css\" data-created_by=\"avia_inline_auto\" id=\"style-css-av-h35jd-51-9bcab463781248f7bd7ef88a0e757108\">\n.av_font_icon.av-h35jd-51-9bcab463781248f7bd7ef88a0e757108 .av-icon-char{\nfont-size:1em;\nline-height:1em;\n}\n<\/style>\n<span  class='av_font_icon av-h35jd-51-9bcab463781248f7bd7ef88a0e757108 avia_animate_when_visible av-icon-style- avia-icon-pos-center avia-iconfont avia-font-entypo-fontello av-no-color avia-icon-animate'><span class='av-icon-char' data-av_icon='\ue89a' data-av_iconfont='entypo-fontello' aria-hidden=\"true\" ><\/span><\/span><\/td><\/tr><tr class=''><th class='avia-desc-col'>\u2022 Videoaufzeichnung und -wiedergabe<\/th><td class='avia-center-col'>&#8211;<\/td><td class='avia-center-col'>geplant<\/td><td class='avia-center-col'>geplant<\/td><\/tr><tr class=''><th class='avia-desc-col'>\u2022 Spektrogramm als Video exportieren<\/th><td class='avia-center-col'>&#8211;<\/td><td class='avia-center-col'>&#8211;<\/td><td class='avia-center-col'>geplant<\/td><\/tr><tr class='avia-pricing-row'><th class='avia-desc-col'>Preis pro Benutzer:<br \/>\n(Wir bieten <a href=\"https:\/\/www.sygyt.com\/de\/bestellen\">Multi-User-Lizenzen und Erm\u00e4\u00dfigungen f\u00fcr Studierende<\/a>).<\/th><td class='avia-center-col'><span class=\"oaPrice\"><span class=\"oaCurrency\">\u20ac<\/span>49<\/span><\/td><td class='avia-center-col'><span class=\"vvvPrice\"><span class=\"oaCurrency\">\u20ac<\/span>99<\/span><\/td><td class='avia-center-col'><span class=\"vvvpPrice\"><span class=\"oaCurrency\">\u20ac<\/span>399<\/span><\/td><\/tr><tr class='avia-button-row'><th class='avia-desc-col'><\/th><td class='avia-center-col'><div  class='avia-button-wrap av-8g3gt-cf37faa77be24e330a6afd3a125911ad-wrap avia-button-center  avia-builder-el-19  el_after_av_font_icon  el_before_av_button '><a href='https:\/\/www.sygyt.com\/de\/select-download-version\/'  class='avia-button av-8g3gt-cf37faa77be24e330a6afd3a125911ad av-link-btn avia-icon_select-yes-left-icon avia-size-small avia-position-center avia-color-theme-color'   aria-label=\"Download\"><span class='avia_button_icon avia_button_icon_left avia-iconfont avia-font-fontello' data-av_icon='\ue800' data-av_iconfont='fontello' ><\/span><span class='avia_iconbox_title' >Download<\/span><\/a><\/div><\/p>\n<p><\/td><td class='avia-center-col'><div  class='avia-button-wrap av-7ap19-e9f65bb9be043f18c3e2ded527c7a990-wrap avia-button-center  avia-builder-el-20  el_after_av_button  el_before_av_button '><a href='https:\/\/www.sygyt.com\/de\/select-download-version\/'  class='avia-button av-7ap19-e9f65bb9be043f18c3e2ded527c7a990 av-link-btn avia-icon_select-yes-left-icon avia-size-small avia-position-center avia-color-theme-color'   aria-label=\"Download\"><span class='avia_button_icon avia_button_icon_left avia-iconfont avia-font-fontello' data-av_icon='\ue800' data-av_iconfont='fontello' ><\/span><span class='avia_iconbox_title' >Download<\/span><\/a><\/div><\/p>\n<p><\/td><td class='avia-center-col'><div  class='avia-button-wrap av-6czu9-351f2bad1b32c6c524f7abe623feef42-wrap avia-button-center  avia-builder-el-21  el_after_av_button  el_before_av_button '><a href='https:\/\/www.sygyt.com\/de\/select-download-version\/'  class='avia-button av-6czu9-351f2bad1b32c6c524f7abe623feef42 av-link-btn avia-icon_select-yes-left-icon avia-size-small avia-position-center avia-color-theme-color'   aria-label=\"Download\"><span class='avia_button_icon avia_button_icon_left avia-iconfont avia-font-fontello' data-av_icon='\ue800' data-av_iconfont='fontello' ><\/span><span class='avia_iconbox_title' >Download<\/span><\/a><\/div><\/p>\n<p><\/td><\/tr><tr class='avia-button-row'><th class='avia-desc-col'><\/th><td class='avia-center-col'><div  class='avia-button-wrap av-3o7kx-973902449f4e2df25e3d8c3f46cfd3fd-wrap avia-button-center  avia-builder-el-22  el_after_av_button  el_before_av_button '><a href='https:\/\/www.sygyt.com\/de\/bestellen\/'  class='avia-button av-3o7kx-973902449f4e2df25e3d8c3f46cfd3fd av-link-btn avia-icon_select-yes-left-icon avia-size-small avia-position-center avia-color-blue'   aria-label=\"Kaufen\"><span class='avia_button_icon avia_button_icon_left avia-iconfont avia-font-entypo-fontello' data-av_icon='\ue859' data-av_iconfont='entypo-fontello' ><\/span><span class='avia_iconbox_title' >Kaufen<\/span><\/a><\/div><\/p>\n<p><\/td><td class='avia-center-col'><div  class='avia-button-wrap av-2kn4d-b26315c24f272ec03a3c92b60cbfbebe-wrap avia-button-center  avia-builder-el-23  el_after_av_button  el_before_av_button '><a href='https:\/\/www.sygyt.com\/de\/bestellen\/'  class='avia-button av-2kn4d-b26315c24f272ec03a3c92b60cbfbebe av-link-btn avia-icon_select-yes-left-icon avia-size-small avia-position-center avia-color-blue'   aria-label=\"Kaufen\"><span class='avia_button_icon avia_button_icon_left avia-iconfont avia-font-entypo-fontello' data-av_icon='\ue859' data-av_iconfont='entypo-fontello' ><\/span><span class='avia_iconbox_title' >Kaufen<\/span><\/a><\/div><\/p>\n<p><\/td><td class='avia-center-col'><div  class='avia-button-wrap av-1ndih-59690f6f85b03c29da621fbc8ad2dc3a-wrap avia-button-center  avia-builder-el-24  el_after_av_button  avia-builder-el-last '><a href='https:\/\/www.sygyt.com\/de\/bestellen\/'  class='avia-button av-1ndih-59690f6f85b03c29da621fbc8ad2dc3a av-link-btn avia-icon_select-yes-left-icon avia-size-small avia-position-center avia-color-blue'   aria-label=\"Kaufen\"><span class='avia_button_icon avia_button_icon_left avia-iconfont avia-font-entypo-fontello' data-av_icon='\ue859' data-av_iconfont='entypo-fontello' ><\/span><span class='avia_iconbox_title' >Kaufen<\/span><\/a><\/div><\/p>\n<p><\/td><\/tr><\/tbody><\/table><\/div><style type='text\/css'>.avia-table-1 td:nth-of-type(0):before { content: ''; } .avia-table-1 td:nth-of-type(1):before { content: '\nOvertone Analyzer'; } .avia-table-1 td:nth-of-type(2):before { content: '\nVoceVista Video'; } .avia-table-1 td:nth-of-type(3):before { content: '\nVoceVista Video Pro'; } <\/style>\n<section  class='av_textblock_section av-ppv1-8b84643d1493fb750e5b4c77a2b734f2 '   itemscope=\"itemscope\" itemtype=\"https:\/\/schema.org\/CreativeWork\" ><div class='avia_textblock'  itemprop=\"text\" >\n<\/div><\/section>\n","protected":false},"excerpt":{"rendered":"","protected":false},"author":1,"featured_media":0,"parent":0,"menu_order":0,"comment_status":"closed","ping_status":"closed","template":"","meta":{"footnotes":""},"class_list":["post-17","page","type-page","status-publish","hentry"],"_links":{"self":[{"href":"https:\/\/www.sygyt.com\/de\/wp-json\/wp\/v2\/pages\/17","targetHints":{"allow":["GET"]}}],"collection":[{"href":"https:\/\/www.sygyt.com\/de\/wp-json\/wp\/v2\/pages"}],"about":[{"href":"https:\/\/www.sygyt.com\/de\/wp-json\/wp\/v2\/types\/page"}],"author":[{"embeddable":true,"href":"https:\/\/www.sygyt.com\/de\/wp-json\/wp\/v2\/users\/1"}],"replies":[{"embeddable":true,"href":"https:\/\/www.sygyt.com\/de\/wp-json\/wp\/v2\/comments?post=17"}],"version-history":[{"count":6,"href":"https:\/\/www.sygyt.com\/de\/wp-json\/wp\/v2\/pages\/17\/revisions"}],"predecessor-version":[{"id":379,"href":"https:\/\/www.sygyt.com\/de\/wp-json\/wp\/v2\/pages\/17\/revisions\/379"}],"wp:attachment":[{"href":"https:\/\/www.sygyt.com\/de\/wp-json\/wp\/v2\/media?parent=17"}],"curies":[{"name":"wp","href":"https:\/\/api.w.org\/{rel}","templated":true}]}}