{"id":262,"date":"2018-10-26T11:56:30","date_gmt":"2018-10-26T09:56:30","guid":{"rendered":"https:\/\/www.sygyt.com\/de\/?page_id=262"},"modified":"2024-01-15T20:37:39","modified_gmt":"2024-01-15T18:37:39","slug":"planetentoene","status":"publish","type":"page","link":"https:\/\/www.sygyt.com\/de\/planetentoene\/","title":{"rendered":"Planetent\u00f6ne"},"content":{"rendered":"\n<h2>Planetent\u00f6ne und Oktavierung<\/h2>\n<p><strong>Planetent\u00f6ne<\/strong> sind der Versuch, bestimmte in der Natur vorkommende Schwingungen in den Bereich menschlich wahrnehmbarer Frequenzen abzubilden, insbesondere in den Bereich h\u00f6rbarer T\u00f6ne. Diese Idee wurde vor allem von dem Musikwissenschaftler Hans Cousto vorgestellt. Dabei wird die Eigenschaft des menschlichen Geh\u00f6rs genutzt, eine Verdoppelung der Frequenz eines Tons als Oktavierung dieses Tons wahrzunehmen. Anders gesagt: Wenn wir einen Ton mit einer bestimmten Frequenz nehmen, und diese Frequenz verdoppeln, h\u00f6ren wir wieder den gleichen Ton, blo\u00df eben eine Oktave h\u00f6her.<\/p>\n<p>Jede Schwingung, die sich gleichm\u00e4\u00dfig wiederholt, hat eine Frequenz, die sich als Anzahl der Schwingungen pro Sekunde ausdr\u00fccken l\u00e4\u00dft. Die Ma\u00dfeinheit daf\u00fcr ist das Hertz (abgek\u00fcrzt \u201eHz\u201c), benannt nach dem deutschen Physiker Heinrich Rudolf Hertz.<\/p>\n<p>Zum Beispiel entspricht ein Ton mit 110 Schwingungen pro Sekunde, also mit 110 Hz, dem Klavierton A. Die erste Oktave davon, das kleine a, hat 220 Hz, und die n\u00e4chste Oktave, das eingestrichene a&#8216;, hat 440 Hz. Der gleiche Ton wiederholt sich also bei jeder Verdoppelung der Frequenz.<\/p>\n<div id=\"attachment_268\" style=\"width: 510px\" class=\"wp-caption alignnone\"><img loading=\"lazy\" decoding=\"async\" aria-describedby=\"caption-attachment-268\" class=\"wp-image-268 size-full\" src=\"https:\/\/www.sygyt.com\/de\/wp-content\/uploads\/sites\/6\/2018\/10\/oktaven-de-lg.png\" alt=\"\" width=\"500\" height=\"343\" srcset=\"https:\/\/www.sygyt.com\/de\/wp-content\/uploads\/sites\/6\/2018\/10\/oktaven-de-lg.png 500w, https:\/\/www.sygyt.com\/de\/wp-content\/uploads\/sites\/6\/2018\/10\/oktaven-de-lg-300x206.png 300w, https:\/\/www.sygyt.com\/de\/wp-content\/uploads\/sites\/6\/2018\/10\/oktaven-de-lg-450x309.png 450w\" sizes=\"auto, (max-width: 500px) 100vw, 500px\" \/><p id=\"caption-attachment-268\" class=\"wp-caption-text\">Verschiedene Oktaven des Tones a<\/p><\/div>\n<p>Bei den Planetent\u00f6nen wird nun diese Strategie der Oktavierung auf die Sonnenumlaufzeiten der Planeten angewendet. Auch ein Planet, der um die Sonne kreist, kann als Schwingung betrachtet werden, die sich gleichm\u00e4\u00dfig wiederholt.<\/p>\n<p>Ebenso ist die Drehung des Planeten um die eigene Achse ein sich zyklisch wiederholender Vorgang. So braucht die Erde (grob vereinfacht) 24 Stunden, um sich einmal um die eigene Achse zu drehen. F\u00fcr einen Beobachter auf der Erde hat das den Anschein, als w\u00fcrde die Sonne einmal auf und dann wieder untergehen, und das ist das, was wir einen Tag nennen. Das entspricht einer Periode von 24 * 60 * 60 = 86400 Sekunden, und damit einer Frequenz von 1 \/ 86400 s = 0,00001157407 Hz.<\/p>\n<p>Das menschliche Ohr h\u00f6rt, je nach Alter, Frequenzen im Bereich von etwa 16 Hz bis 19000 Hz. Die Frequenz der Erde ist also viel zu tief, um direkt geh\u00f6rt zu werden (zumal sie ja auch nicht als Schallwelle vorliegt und deshalb ohnehin nicht h\u00f6rbar ist). Also wird die Frequenz solange verdoppelt (oktaviert), bis sie in den h\u00f6rbaren Bereich f\u00e4llt. In diesem Fall sind das die Oktaven 21-30, mit Frequenzen von 24 Hz bis 12427 Hz.<\/p>\n<h2>H\u00f6rbare Frequenzen<\/h2>\n<p>Die Frequenz des Sonnentages ergibt nach dieser Methode also 10 T\u00f6ne, die im h\u00f6rbaren Bereich liegen. Dabei handelt es sich jeweils um den Ton g-16 Cent in verschiedenen Oktaven:<\/p>\n<div id=\"attachment_265\" style=\"width: 442px\" class=\"wp-caption alignnone\"><img loading=\"lazy\" decoding=\"async\" aria-describedby=\"caption-attachment-265\" class=\"wp-image-265 size-full\" src=\"https:\/\/www.sygyt.com\/de\/wp-content\/uploads\/sites\/6\/2018\/10\/sonnentag-de-lg2.png\" alt=\"\" width=\"432\" height=\"379\" srcset=\"https:\/\/www.sygyt.com\/de\/wp-content\/uploads\/sites\/6\/2018\/10\/sonnentag-de-lg2.png 432w, https:\/\/www.sygyt.com\/de\/wp-content\/uploads\/sites\/6\/2018\/10\/sonnentag-de-lg2-300x263.png 300w\" sizes=\"auto, (max-width: 432px) 100vw, 432px\" \/><p id=\"caption-attachment-265\" class=\"wp-caption-text\">H\u00f6rbare Oktavierungen vom mittleren Sonnentag<\/p><\/div>\n<h2>Sichtbare Frequenzen<\/h2>\n<p>\u00c4hnlich wie das Ohr ist auch das Auge ein Sinnesorgan, welches auf Schwingungen reagiert, die in einen bestimmten Frequenzbereich fallen. W\u00e4hrend das Ohr Schallwellen umsetzt, wandelt das Auge Lichtwellen in Signale im Gehirn um. Lichtwellen haben eine sehr viel h\u00f6here Frequenz als Schallwellen, aber dennoch l\u00e4\u00dft sich die Methode der Oktavierung auf die Planetent\u00f6ne auch anwenden, um diese in den Bereich der sichtbaren Lichtfrequenzen zu bringen. Das menschliche Auge reagiert auf Lichtwellen mit Frequenzen von etwa 380 bis 780 THz. Interressanterweise umfasst das sichtbare Licht nur genau eine Oktave. Das Ohr dagegen kann einen Frequenzbereich h\u00f6ren, der \u00fcber 11 Oktaven umfasst. Wie die Tabelle im Anhang zeigt, f\u00e4llt die 65. Oktave des Sonnentages in den sichtbaren Bereich. Dies entspricht der Farbe rot.<\/p>\n<h2>Planetent\u00f6ne anh\u00f6ren (nach Frequenz geordnet)<\/h2>\n<p>Auf diese Weise k\u00f6nnen die Frequenzen der Planeten also in den h\u00f6r- und sichtbaren Bereich oktaviert werden, und sowohl einer Reihe von T\u00f6nen als auch einer Farbe zugeordnet werden. Nach Hans Cousto ergeben sich dabei die folgenden T\u00f6ne und Farben. Anders als in den meisten Tabellen sind die T\u00f6ne im folgenden Bild nach der Tonh\u00f6he geordnet. Ausserdem ist sichtbar, da\u00df die den T\u00f6nen zugeordneten Farben in etwa den Regenbogenfarben folgen. In VoceVista Video ist es auch m\u00f6glich, die T\u00f6ne anzuklicken um sie zu h\u00f6ren:<\/p>\n<div class='avia-iframe-wrap'><div class=\"lyte-wrapper\" title=\"Planetent&ouml;ne nach Tonh&ouml;he geordnet\" style=\"width:853px;max-width:100%;margin:5px;\"><div class=\"lyMe hidef\" id=\"WYL_X1iRmR633LU\" itemprop=\"video\" itemscope itemtype=\"https:\/\/schema.org\/VideoObject\"><div><meta itemprop=\"thumbnailUrl\" content=\"https:\/\/www.sygyt.com\/de\/wp-content\/plugins\/wp-youtube-lyte\/lyteCache.php?origThumbUrl=https%3A%2F%2Fi.ytimg.com%2Fvi%2FX1iRmR633LU%2Fhqdefault.jpg\" \/><meta itemprop=\"embedURL\" content=\"https:\/\/www.youtube.com\/embed\/X1iRmR633LU\" \/><meta itemprop=\"duration\" content=\"PT41S\" \/><meta itemprop=\"uploadDate\" content=\"2009-07-10T16:13:00.000Z\" \/><\/div><div id=\"lyte_X1iRmR633LU\" data-src=\"https:\/\/www.sygyt.com\/de\/wp-content\/plugins\/wp-youtube-lyte\/lyteCache.php?origThumbUrl=https%3A%2F%2Fi.ytimg.com%2Fvi%2FX1iRmR633LU%2Fhqdefault.jpg\" class=\"pL\"><div class=\"tC\"><div class=\"tT\" itemprop=\"name\">Planetent\u00f6ne nach Tonh\u00f6he geordnet<\/div><\/div><div class=\"play\"><\/div><div class=\"ctrl\"><div class=\"Lctrl\"><\/div><div class=\"Rctrl\"><\/div><\/div><\/div><noscript><a href=\"https:\/\/youtu.be\/X1iRmR633LU\" rel=\"nofollow\"><img loading=\"lazy\" decoding=\"async\" src=\"https:\/\/www.sygyt.com\/de\/wp-content\/plugins\/wp-youtube-lyte\/lyteCache.php?origThumbUrl=https%3A%2F%2Fi.ytimg.com%2Fvi%2FX1iRmR633LU%2F0.jpg\" alt=\"Planetent&ouml;ne nach Tonh&ouml;he geordnet\" width=\"853\" height=\"460\" \/><br \/>Dieses Video auf YouTube ansehen<\/a><\/noscript><meta itemprop=\"description\" content=\"Planetent\u00f6ne und andere Naturt\u00f6ne (Sonne, Mond, Elemente), nach Tonh\u00f6he und ihrer Position im Farbspektrum geordnet. Erstellt mit Overtone Analyzer http:\/\/www.sygyt.com\/de\/planetentoene\"><\/div><\/div><div class=\"lL\" style=\"max-width:100%;width:853px;margin:5px;\"><\/div><\/div>\n<p>&nbsp;<\/p>\n<h2>Kritik und weitere Fragen<\/h2>\n<p>Eine Frage die sich stellt ist, mit welcher Genauigkeit die Umlaufzeiten der Planeten eigentlich bestimmt werden k\u00f6nnen. Zudem sind diese Werte ja auch nicht konstant, sondern unterliegen im Laufe der Zeit gewissen Schwankungen. Ausserdem gibt es zahlreiche verschiedene M\u00f6glichkeiten, die Schwingungsdauer eines Planeten zu berechnen. Das zeigt sich auch an den verschiedenen Erdent\u00f6nen. Zur genaueren Erkl\u00e4rung dieser Fragen sei hier auf die B\u00fccher von Hans Cousto verwiesen.<br \/>\nBeim Betrachten der erweiterten Planetentontabelle mit den zus\u00e4tzlichen T\u00f6nen der Erde, des Mondes, der Sonne, und einiger Elemente kann sich der Eindruck der Beliebigkeit ergeben, und da\u00df man das ganze Spektrum mit T\u00f6nen aus der Natur f\u00fcllen k\u00f6nnte, wenn man nur lange genug sucht. Ein puristischer Ansatz w\u00e4re, als Planetent\u00f6ne wirklich nur die T\u00f6ne zu bezeichnen, die sich aus den Umlaufzeiten der Planeten um die Sonne ergeben. Immerhin ergibt sich dadurch ein deutlicheres Tonsystem mit eigenem Charakter als eines, in dem fast alle T\u00f6ne vorkommen.<br \/>\nDie gr\u00f6\u00dfte Frage ist jedoch, welche Bedeutung die Planetent\u00f6ne haben, und wie ihre Wirkung (sofern eine besteht) festgestellt werden kann.<\/p>\n<p>Unabh\u00e4ngig davon, welche Bedeutung und Wirkung die Planetent\u00f6ne m\u00f6glicherweise haben, ist die zugrundeliegende Idee der Oktavierung nat\u00fcrlicher Schwingungen in den von uns wahrnehmbaren Bereich sehr interessant und wird kaum jemand unber\u00fchrt lassen, der mit Aufgeschlossenheit und Neugier der Welt begegnet, in der wir leben.<\/p>\n<h2>Anhang<\/h2>\n<h3>Oktavierung der Tagesfrequenz in den h\u00f6rbaren und sichtbaren Frequenzbereich<\/h3>\n<p>Die folgende Tabelle veranschaulicht die Oktavierung der Frequenz des Mittleren Sonnentages in den wahrnehmbaren Bereich.<br \/>\nEin Tag hat 86400 Sekunden, und das entspricht einer Frequenz von 1\/86400 = 0,00001157 Hz. Durch sukzessive Verdoppelung<br \/>\ndieses Wertes erhalten wir zehn Oktaven die in den h\u00f6rbaren Bereich zwischen 16 Hz und 19000 Hz fallen, und eine Oktave,<br \/>\nderen Frequenz in den Bereich der sichtbaren Lichtfrequenzen f\u00e4llt.<\/p>\n<table class=\"planetsTable\" border=\"0\" cellspacing=\"0\" cellpadding=\"0\">\n<tbody>\n<tr>\n<th>Oktave<\/th>\n<th>Frequenz (Hz)<\/th>\n<th><\/th>\n<th>Oktave<\/th>\n<th>Frequenz (Hz)<\/th>\n<\/tr>\n<tr>\n<td>33<\/td>\n<td>99420,53925926<\/td>\n<td><\/td>\n<td>66<\/td>\n<td>854015929338405<\/td>\n<\/tr>\n<tr>\n<td>32<\/td>\n<td>49710,26962963<\/td>\n<td><\/td>\n<td class=\"visible head visibleHead\">Obere Sehgrenze<\/td>\n<td class=\"visible visibleHead\">780000000000000<\/td>\n<\/tr>\n<tr>\n<td>31<\/td>\n<td>24855,13481481<\/td>\n<td><\/td>\n<td class=\"visible\">65<\/td>\n<td class=\"visible\">427007964669203<\/td>\n<\/tr>\n<tr>\n<td class=\"audible head audibleHead\">Obere H\u00f6rgrenze<\/td>\n<td class=\"audible audibleHead\">19000,00000000<\/td>\n<td><\/td>\n<td class=\"visible head visibleHead\">Untere Sehgrenze<\/td>\n<td class=\"visible visibleHead\">380000000000000<\/td>\n<\/tr>\n<tr>\n<td class=\"audible\">30<\/td>\n<td class=\"audible\">12427,56740741<\/td>\n<td><\/td>\n<td>64<\/td>\n<td>213503982334601<\/td>\n<\/tr>\n<tr>\n<td class=\"audible\">29<\/td>\n<td class=\"audible\">6213,78370370<\/td>\n<td><\/td>\n<td>63<\/td>\n<td>106751991167301<\/td>\n<\/tr>\n<tr>\n<td class=\"audible\">28<\/td>\n<td class=\"audible\">3106,89185185<\/td>\n<td><\/td>\n<td>62<\/td>\n<td>53375995583650<\/td>\n<\/tr>\n<tr>\n<td class=\"audible\">27<\/td>\n<td class=\"audible\">1553,44592593<\/td>\n<td><\/td>\n<td>61<\/td>\n<td>26687997791825<\/td>\n<\/tr>\n<tr>\n<td class=\"audible\">26<\/td>\n<td class=\"audible\">776,72296296<\/td>\n<td><\/td>\n<td>60<\/td>\n<td>13343998895913<\/td>\n<\/tr>\n<tr>\n<td class=\"audible\">25<\/td>\n<td class=\"audible\">388,36148148<\/td>\n<td><\/td>\n<td>59<\/td>\n<td>6671999447956<\/td>\n<\/tr>\n<tr>\n<td class=\"audible\">24<\/td>\n<td class=\"audible\">194,18074074<\/td>\n<td><\/td>\n<td>58<\/td>\n<td>3335999723978<\/td>\n<\/tr>\n<tr>\n<td class=\"audible\">23<\/td>\n<td class=\"audible\">97,09037037<\/td>\n<td><\/td>\n<td>57<\/td>\n<td>1667999861989<\/td>\n<\/tr>\n<tr>\n<td class=\"audible\">22<\/td>\n<td class=\"audible\">48,54518519<\/td>\n<td><\/td>\n<td>56<\/td>\n<td>833999930995<\/td>\n<\/tr>\n<tr>\n<td class=\"audible\">21<\/td>\n<td class=\"audible\">24,27259259<\/td>\n<td><\/td>\n<td>55<\/td>\n<td>416999965497<\/td>\n<\/tr>\n<tr>\n<td class=\"audible head audibleHead\">Untere H\u00f6rgrenze<\/td>\n<td class=\"audible audibleHead\">16,00000000<\/td>\n<td><\/td>\n<td>54<\/td>\n<td>208499982749<\/td>\n<\/tr>\n<tr>\n<td>20<\/td>\n<td>12,13629630<\/td>\n<td><\/td>\n<td>53<\/td>\n<td>104249991374<\/td>\n<\/tr>\n<tr>\n<td>19<\/td>\n<td>6,06814815<\/td>\n<td><\/td>\n<td>52<\/td>\n<td>52124995687<\/td>\n<\/tr>\n<tr>\n<td>18<\/td>\n<td>3,03407407<\/td>\n<td><\/td>\n<td>51<\/td>\n<td>26062497844<\/td>\n<\/tr>\n<tr>\n<td>17<\/td>\n<td>1,51703704<\/td>\n<td><\/td>\n<td>50<\/td>\n<td>13031248922<\/td>\n<\/tr>\n<tr>\n<td>16<\/td>\n<td>0,75851852<\/td>\n<td><\/td>\n<td>49<\/td>\n<td>6515624461<\/td>\n<\/tr>\n<tr>\n<td>15<\/td>\n<td>0,37925926<\/td>\n<td><\/td>\n<td>48<\/td>\n<td>3257812230<\/td>\n<\/tr>\n<tr>\n<td>14<\/td>\n<td>0,18962963<\/td>\n<td><\/td>\n<td>47<\/td>\n<td>1628906115<\/td>\n<\/tr>\n<tr>\n<td>13<\/td>\n<td>0,09481481<\/td>\n<td><\/td>\n<td>46<\/td>\n<td>814453058<\/td>\n<\/tr>\n<tr>\n<td>12<\/td>\n<td>0,04740741<\/td>\n<td><\/td>\n<td>45<\/td>\n<td>407226529<\/td>\n<\/tr>\n<tr>\n<td>11<\/td>\n<td>0,02370370<\/td>\n<td><\/td>\n<td>44<\/td>\n<td>203613264<\/td>\n<\/tr>\n<tr>\n<td>10<\/td>\n<td>0,01185185<\/td>\n<td><\/td>\n<td>43<\/td>\n<td>101806632<\/td>\n<\/tr>\n<tr>\n<td>9<\/td>\n<td>0,00592593<\/td>\n<td><\/td>\n<td>42<\/td>\n<td>50903316<\/td>\n<\/tr>\n<tr>\n<td>8<\/td>\n<td>0,00296296<\/td>\n<td><\/td>\n<td>41<\/td>\n<td>25451658<\/td>\n<\/tr>\n<tr>\n<td>7<\/td>\n<td>0,00148148<\/td>\n<td><\/td>\n<td>40<\/td>\n<td>12725829<\/td>\n<\/tr>\n<tr>\n<td>6<\/td>\n<td>0,00074074<\/td>\n<td><\/td>\n<td>39<\/td>\n<td>6362915<\/td>\n<\/tr>\n<tr>\n<td>5<\/td>\n<td>0,00037037<\/td>\n<td><\/td>\n<td>38<\/td>\n<td>3181457<\/td>\n<\/tr>\n<tr>\n<td>4<\/td>\n<td>0,00018519<\/td>\n<td><\/td>\n<td>37<\/td>\n<td>1590729<\/td>\n<\/tr>\n<tr>\n<td>3<\/td>\n<td>0,00009259<\/td>\n<td><\/td>\n<td>36<\/td>\n<td>795364<\/td>\n<\/tr>\n<tr>\n<td>2<\/td>\n<td>0,00004630<\/td>\n<td><\/td>\n<td>35<\/td>\n<td>397682<\/td>\n<\/tr>\n<tr>\n<td>1<\/td>\n<td>0,00002315<\/td>\n<td><\/td>\n<td>34<\/td>\n<td>198841<\/td>\n<\/tr>\n<tr>\n<td>0<\/td>\n<td>0,00001157<\/td>\n<td><\/td>\n<td>33<\/td>\n<td>99421<\/td>\n<\/tr>\n<\/tbody>\n<\/table>\n<h3>Literatur und weiterf\u00fchrende Links<\/h3>\n<ul>\n<li><a href=\"http:\/\/www.planetware.de\/tune_in\/cousto\/publikationen.html\" target=\"_blank\" rel=\"noopener\">Publikationen von Hans Cousto zum kostenlosen Download, einschliesslich &#8222;Die Oktave &#8211; Das Urgesetz der Harmonie&#8220; auf planetware.de<\/a><\/li>\n<li><a href=\"http:\/\/www.efg2.com\/Lab\/ScienceAndEngineering\/Spectra.htm\" target=\"_blank\" rel=\"noopener\">Software &#8222;Spectra&#8220; zur Bestimmung von RGB Werten die bestimmte Lichtfrequenzen repr\u00e4sentieren<br \/>\n<\/a><strong><span class=\"note\">Anmerkung: <\/span><\/strong>Eine eindeutige Zuordung von Lichtfrequenzen zu RGB Farben ist nicht m\u00f6glich ohne die genauen Einstellungen des Monitors zu kennen, auf dem die Farben dargestellt werden. Trotzdem l\u00e4\u00dft sich das Farbspektrum in verallgemeinerter Form auf Monitoren darstellen und somit auch den Planetent\u00f6nen zuordnen:<br \/>\n<img loading=\"lazy\" decoding=\"async\" class=\"alignnone size-full wp-image-267\" src=\"https:\/\/www.sygyt.com\/de\/wp-content\/uploads\/sites\/6\/2018\/10\/Lichtspektrum.png\" alt=\"Spectrum sichtbarer Lichtfrequenzen\" width=\"600\" height=\"70\" srcset=\"https:\/\/www.sygyt.com\/de\/wp-content\/uploads\/sites\/6\/2018\/10\/Lichtspektrum.png 600w, https:\/\/www.sygyt.com\/de\/wp-content\/uploads\/sites\/6\/2018\/10\/Lichtspektrum-300x35.png 300w, https:\/\/www.sygyt.com\/de\/wp-content\/uploads\/sites\/6\/2018\/10\/Lichtspektrum-450x53.png 450w\" sizes=\"auto, (max-width: 600px) 100vw, 600px\" \/><\/li>\n<\/ul>\n","protected":false},"excerpt":{"rendered":"<p>Planetent\u00f6ne und Oktavierung Planetent\u00f6ne sind der Versuch, bestimmte in der Natur vorkommende Schwingungen in den Bereich menschlich wahrnehmbarer Frequenzen abzubilden, insbesondere in den Bereich h\u00f6rbarer T\u00f6ne. Diese Idee wurde vor allem von dem Musikwissenschaftler Hans Cousto vorgestellt. Dabei wird die Eigenschaft des menschlichen Geh\u00f6rs genutzt, eine Verdoppelung der Frequenz eines Tons als Oktavierung dieses Tons [&hellip;]<\/p>\n","protected":false},"author":1,"featured_media":0,"parent":0,"menu_order":0,"comment_status":"closed","ping_status":"closed","template":"","meta":{"footnotes":""},"class_list":["post-262","page","type-page","status-publish","hentry"],"_links":{"self":[{"href":"https:\/\/www.sygyt.com\/de\/wp-json\/wp\/v2\/pages\/262","targetHints":{"allow":["GET"]}}],"collection":[{"href":"https:\/\/www.sygyt.com\/de\/wp-json\/wp\/v2\/pages"}],"about":[{"href":"https:\/\/www.sygyt.com\/de\/wp-json\/wp\/v2\/types\/page"}],"author":[{"embeddable":true,"href":"https:\/\/www.sygyt.com\/de\/wp-json\/wp\/v2\/users\/1"}],"replies":[{"embeddable":true,"href":"https:\/\/www.sygyt.com\/de\/wp-json\/wp\/v2\/comments?post=262"}],"version-history":[{"count":20,"href":"https:\/\/www.sygyt.com\/de\/wp-json\/wp\/v2\/pages\/262\/revisions"}],"predecessor-version":[{"id":389,"href":"https:\/\/www.sygyt.com\/de\/wp-json\/wp\/v2\/pages\/262\/revisions\/389"}],"wp:attachment":[{"href":"https:\/\/www.sygyt.com\/de\/wp-json\/wp\/v2\/media?parent=262"}],"curies":[{"name":"wp","href":"https:\/\/api.w.org\/{rel}","templated":true}]}}