{"id":34,"date":"2018-02-22T14:45:58","date_gmt":"2018-02-22T14:45:58","guid":{"rendered":"http:\/\/www.sygyt.com\/de\/?page_id=34"},"modified":"2025-11-03T15:03:07","modified_gmt":"2025-11-03T13:03:07","slug":"bestellen","status":"publish","type":"page","link":"https:\/\/www.sygyt.com\/de\/bestellen\/","title":{"rendered":"Overtone Analyzer and VoceVista bestellen"},"content":{"rendered":"<section  class='av_textblock_section av-1h4d5y-8e7b92ac76d0af130e6058f941d0feee '   itemscope=\"itemscope\" itemtype=\"https:\/\/schema.org\/CreativeWork\" ><div class='avia_textblock'  itemprop=\"text\" ><p>Hier k\u00f6nnen Sie Lizenzen f\u00fcr <strong>Overtone Analyzer<\/strong> und <strong>VoceVista Video<\/strong> erwerben.<\/p>\n<p>Unsere Produkte gibt es in mehreren Editionen. <span style=\"color: #800000;\">Bitte beachten Sie, dass die <strong>Overtone Analyzer<\/strong> Edition keine Frequenzfilter enth\u00e4lt.<\/span> Einige \u00e4ltere Tutorial-Videos zeigen Filter in Overtone Analyzer, aber die Editionen wurden im Mai 2017 aufgrund der <a href=\"https:\/\/www.sygyt.com\/de\/support\/faq\/#Was_ist_der_Unterschied_zwischen_Overtone_Analyzer_und_VoceVista_Video\">Zusammenlegung von Overtone Analyzer und VoceVista<\/a> umbenannt. F\u00fcr Frequenzfilter nehmen Sie bitte <strong>VoceVista Video<\/strong> oder <strong>VoceVista Video Pro<\/strong>. Sie k\u00f6nnen die verschiedenen Editionen auf unserer <a href=\"https:\/\/www.sygyt.com\/de\/produkte\/\">Produktseite<\/a> vergleichen.<\/p>\n<p>Wir empfehlen, die Software vor dem Kauf <a href=\"https:\/\/www.sygyt.com\/de\/select-download-version\/\">herunterzuladen<\/a> und zu installieren, um sicherzustellen, dass sie auf Ihrem System gut l\u00e4uft und dass Sie den passenden Funktionsumfang ausgew\u00e4hlt haben.<\/p>\n<\/div><\/section>\n<div  class='avia-table av-1gr6bi-f80640e4a128cddcf4da769151b75e04 main_color avia-pricing-table-container avia_pricing_default  avia-builder-el-1  el_after_av_textblock  el_before_av_textblock  sygytDownloadTable avia-table-1'  itemscope=\"itemscope\" itemtype=\"https:\/\/schema.org\/Table\" ><div class=\"pricing-table-wrap\"><ul class='pricing-table '><li class=''><div class='first-table-item'><img loading=\"lazy\" decoding=\"async\" title=\"Overtone Analyzer\" src=\"\/img\/OA_Logo_100@2x.png\" alt=\"Overtone Analyzer\" width=\"199\" height=\"50\" \/><\/div><span class='pricing-extra'><\/span><\/li><li class=''><strong>Overtone Analyzer (Mac\/PC)<\/strong><\/li><li class=''><span data-fsc-item-path=\"oa-MacPc\" data-fsc-item-price=\"\">49<\/span><\/li><li class=''><\/p>\n<div class=\"avia-button-wrap avia-button-center avia-builder-el-2 el_before_av_button avia-builder-el-first \"><a class=\"avia-button avia-color-theme-color avia-size-small avia-position-center\" href=\"https:\/\/sygyt.onfastspring.com\/oa-MacPc\" data-fsc-item-path-value=\"oa-MacPc\" data-fsc-action=\"Add, Checkout\" data-fsc-item-path=\"oa-MacPc\"><span class=\"avia_iconbox_title\">Kaufen<\/span><\/a><\/div>\n<p><\/li><\/ul><\/div><div class=\"pricing-table-wrap\"><ul class='pricing-table '><li class=''><div class='first-table-item'><img loading=\"lazy\" decoding=\"async\" title=\"VoceVista Video\" src=\"\/img\/VVV_Logo_grey_100@2x.png\" alt=\"VoceVista Video\" width=\"199\" height=\"50\" \/><\/div><span class='pricing-extra'><\/span><\/li><li class=''><strong>VoceVista Video (Mac\/PC)<\/strong><\/li><li class=''><span data-fsc-item-path=\"vvv-mac\" data-fsc-item-price=\"\">99<\/span><\/li><li class=''><\/p>\n<div class=\"avia-button-wrap avia-button-center avia-builder-el-2 el_before_av_button avia-builder-el-first \"><a class=\"avia-button avia-color-theme-color avia-size-small avia-position-center\" href=\"https:\/\/sygyt.onfastspring.com\/vvv-MacPc\" data-fsc-item-path-value=\"vvv-MacPc\" data-fsc-action=\"Add, Checkout\" data-fsc-item-path=\"vvv-MacPc\"><span class=\"avia_iconbox_title\">Kaufen<\/span><\/a><\/div>\n<p><\/li><\/ul><\/div><div class=\"pricing-table-wrap\"><ul class='pricing-table '><li class=''><div class='first-table-item'><img loading=\"lazy\" decoding=\"async\" title=\"VoceVista Video Pro\" src=\"\/img\/VVV_Logo_Pro_grey_100@2x.png\" alt=\"VoceVista Video Pro\" width=\"199\" height=\"50\" \/><\/div><span class='pricing-extra'><\/span><\/li><li class=''><strong>VoceVista Video Pro (Mac\/PC)<\/strong><\/li><li class=''><span data-fsc-item-path=\"vvvp-mac\" data-fsc-item-price=\"\">399<\/span><\/li><li class=''><\/p>\n<div class=\"avia-button-wrap avia-button-center avia-builder-el-2 el_before_av_button avia-builder-el-first \"><a class=\"avia-button avia-color-theme-color avia-size-small avia-position-center\" href=\"https:\/\/sygyt.onfastspring.com\/vvvp-MacPc\" data-fsc-item-path-value=\"vvvp-MacPc\" data-fsc-action=\"Add, Checkout\" data-fsc-item-path=\"vvvp-MacPc\"><span class=\"avia_iconbox_title\">Kaufen<\/span><\/a><\/div>\n<p><\/li><\/ul><\/div><\/div>\n<section  class='av_textblock_section av-ldx21e71-1f4e563b9ba9c6d871e7b61b471bd704 '   itemscope=\"itemscope\" itemtype=\"https:\/\/schema.org\/CreativeWork\" ><div class='avia_textblock'  itemprop=\"text\" ><p>Durch den Kauf oder das Herunterladen unserer Softwareprodukte erkl\u00e4ren Sie sich mit unseren <a href=\"https:\/\/www.sygyt.com\/de\/lizenz\/\">Lizenzbedingungen<\/a> einverstanden. Alle Bestellungen werden von <a href=\"https:\/\/fastspring.com\/purchasing-through-fastspring\" target=\"_blank\" rel=\"noopener noreferrer\">FastSpring<\/a> \u00fcber eine sichere Website abgewickelt. Dabei werden die zur Zahlungsabwicklung erforderlichen personenbezogenen Daten an FastSpring \u00fcbermittelt. Bitte beachten Sie dazu die <a title=\"FastSpring Datenschutzerkl\u00e4rung\" href=\"https:\/\/fastspring.com\/privacy\/fastspring-privacy-policy-germany\/\" target=\"_blank\" rel=\"noopener\">Datenschutzerkl\u00e4rungen von FastSpring<\/a> und von <a title=\"Sygyt Software Datenschutzerkl\u00e4rung\" href=\"https:\/\/www.sygyt.com\/de\/datenschutzerklaerung\/\" target=\"_blank\" rel=\"noopener\">uns<\/a>.<\/p>\n<\/div><\/section>\n<div  class='hr av-av_hr-91d7ccd583a503147498e120fee2ff9b hr-default  avia-builder-el-3  el_after_av_textblock  el_before_av_textblock '><span class='hr-inner '><span class=\"hr-inner-style\"><\/span><\/span><\/div>\n<section  id=\"updates\"  class='av_textblock_section av-ojlim-491916337f52462c3bb790f39cea3740 '   itemscope=\"itemscope\" itemtype=\"https:\/\/schema.org\/CreativeWork\" ><div class='avia_textblock'  itemprop=\"text\" ><h3 id=\"upgrades\">Updates und Verl\u00e4ngerungslizenzen<\/h3>\n<p>Registrierte Benutzer erhalten <strong>kostenlose Updates f\u00fcr 12 Monate ab Kaufdatum<\/strong>. Dies gilt f\u00fcr alle neuen Versionen der erworbenen Edition der Software, die w\u00e4hrend dieser Zeit ver\u00f6ffentlicht werden.<\/p>\n<p>Nach 12 Monaten k\u00f6nnen Sie die Software auf unbestimmte Zeit weiter nutzen, aber Sie k\u00f6nnen keine neuen Updates installieren. Um auf die neueste Version zu aktualisieren (und weitere 12 Monate Upgrades zu erhalten), k\u00f6nnen Sie eine <strong>Verl\u00e4ngerungslizenz<\/strong> f\u00fcr 25% des urspr\u00fcnglichen Kaufpreises erwerben. Wenn Sie vier Jahre oder l\u00e4nger kein Upgrade durchgef\u00fchrt haben, betr\u00e4gt der Preis der Verl\u00e4ngerungslizenz 50% des aktuellen Preises der neuen Lizenz.<\/p>\n<p>Um ein Upgrade durchzuf\u00fchren, laden Sie die neueste Version der Software herunter, installieren sie und aktivieren sie mit Ihrem Aktivierungsschl\u00fcssel. Wenn Sie eine Lizenzverl\u00e4ngerung ben\u00f6tigen, werden Sie von der Software aufgefordert, eine zu kaufen.<br \/>\nSie k\u00f6nnen auch eine Lizenzverl\u00e4ngerung kaufen, indem Sie hier Ihre E-Mail-Adresse und Ihren Aktivierungscode eingeben:<\/p>\n<div id=\"sygyt-update-form-box\">\n<h4>Pr\u00fcfen Sie Ihre Lizenzverl\u00e4ngerungsoptionen<\/h4>\n<form class=\"form-inline\" action=\"https:\/\/www.sygyt.com\/en\/order\/upgrade\/\" method=\"post\"><label for=\"update_email\">Email:<\/label><br \/>\n<input id=\"update_email\" name=\"update_email\" type=\"email\" placeholder=\"Email Adresse\" \/><br \/>\n<label for=\"update_activationcode\">Aktivierungscode:<\/label><br \/>\n<input id=\"update_activationcode\" name=\"update_activationcode\" type=\"text\" placeholder=\"Aktivierungscode\" \/><button type=\"submit\">Senden<\/button><\/form>\n<\/div>\n<h3>Upgrade auf eine h\u00f6here Edition<\/h3>\n<p>Wenn Sie eine kleinere Edition gekauft haben und die Funktionen einer h\u00f6heren Edition ben\u00f6tigen, k\u00f6nnen Sie auf die h\u00f6here Edition upgraden, indem Sie die Differenz zwischen den Editionen bezahlen. Bitte schreiben Sie uns an <a href=\"mailto:info@sygyt.com?Subject=Edition%20Upgrade\">info@sygyt.com<\/a> f\u00fcr weitere Details.<\/p>\n<h3>Erm\u00e4\u00dfigungen f\u00fcr Studierende<\/h3>\n<p>Studierende erhalten <a href=\"mailto:info@sygyt.com?Subject=Studentenerm%C3%A4%C3%9Figung\">auf Anfrage<\/a> 50% Rabatt. Wenn Du Sch\u00fcler oder Student bist, schreib uns bitte an <a href=\"mailto:info@sygyt.com?Subject=Studentenerm%C3%A4%C3%9Figung\">info@sygyt.com<\/a>, um den Studentenrabatt zu erhalten. Bitte nenne uns den Namen Deiner Schule oder Universit\u00e4t und Deines Studienfaches.<\/p>\n<\/div><\/section>\n<\/div><\/div><\/div><!-- close content main div --><\/div><\/div><div id='multiuser'  class='avia-section av-o4hdq-50ad5d6273b738b2a5c1be99ef90216c alternate_color avia-section-default avia-no-shadow  avia-builder-el-5  el_after_av_textblock  el_before_av_textblock  avia-bg-style-scroll container_wrap fullsize'  ><div class='container av-section-cont-open' ><div class='template-page content  av-content-full alpha units'><div class='post-entry post-entry-type-page post-entry-34'><div class='entry-content-wrapper clearfix'>\n<section  class='av_textblock_section av-niyzy-3f194e51311d2cbc4cdd61facbd9ab41 '   itemscope=\"itemscope\" itemtype=\"https:\/\/schema.org\/CreativeWork\" ><div class='avia_textblock'  itemprop=\"text\" ><h2>Mehrplatz- und Institutionelle Lizenzen<\/h2>\n<p><img loading=\"lazy\" decoding=\"async\" class=\"wp-image-61 size-full alignright\" src=\"https:\/\/www.sygyt.com\/de\/img\/VVV_Logo_Pro_grey_100@2x.png\" alt=\"\" width=\"199\" height=\"50\" \/> Wir bieten Mehrbenutzerlizenzen f\u00fcr <strong>VoceVista Video Pro<\/strong> an. Diese richten sich an Bildungseinrichtungen und akademische Fakult\u00e4ten.<\/p>\n<h3>Lizenzbestimmungen<\/h3>\n<ol>\n<li>Alle Mehrbenutzerlizenzen gelten f\u00fcr die angegebene Anzahl von Arbeitspl\u00e4tzen und funktionieren sowohl auf dem <strong>Mac<\/strong> als auch auf dem <strong>PC<\/strong>. Wenn Sie eine Mehrbenutzerlizenz erwerben, senden wir Ihnen einen einzigen Lizenzschl\u00fcssel zu, mit dem Sie die Software f\u00fcr die angegebene Anzahl von Arbeitspl\u00e4tzen aktivieren k\u00f6nnen. Wenn Sie die Software auf einem Computer aktivieren, muss dieser Computer mit dem Internet verbunden sein. Sie k\u00f6nnen Macs und PCs bis zu der angegebenen Anzahl von Pl\u00e4tzen frei mischen.<\/li>\n<li>Die Aktivierungen gelten pro Computer, auf dem die Software installiert ist, nicht per Anzahl der gleichzeitigen Nutzer.<\/li>\n<li>Um die PC Version auf Rechnern f\u00fcr alle Benutzerkontos zu aktivieren, folgen Sie bitte <a href=\"https:\/\/www.sygyt.com\/en\/support\/managing-multi-user-installations\/\">dieser Anleitung<\/a>.<\/li>\n<li>Mit einer Mehrplatzlizenz erhalten Sie Zugriff auf eine Online-Administrationsoberfl\u00e4che, in der Sie Aktivierungen verwalten und widerrufen k\u00f6nnen. Wenn z. B. die Software auf einem Computer aktiviert ist und der Besitzer dieses Rechners nicht verf\u00fcgbar ist oder der Rechner kaputt ist, k\u00f6nnen Sie \u00fcber die Admin-Oberfl\u00e4che die Aktivierung widerrufen und f\u00fcr die Verwendung auf einem anderen Rechner freigeben.<\/li>\n<li>Die Software wird mit kostenlosen Updates auf die neueste Version und Support f\u00fcr 12 Monate ab Kaufdatum geliefert. Ein weiteres Jahr Upgrades und Support erfordert den Erwerb einer Verl\u00e4ngerungslizenz f\u00fcr 25% des urspr\u00fcnglichen Kaufpreises.<br \/>\nWenn Sie vier Jahre oder l\u00e4nger kein Upgrade durchgef\u00fchrt haben, betr\u00e4gt der Preis der Verl\u00e4ngerungslizenz 50% des aktuellen Preises der neuen Lizenz.<\/li>\n<\/ol>\n<\/div><\/section>\n<div class='avia-data-table-wrap av-n2i0q-e0fce20bf95f44ecdbd742981af04bd4 avia_responsive_table avia-table-2'><table  class='avia-table avia-data-table avia_pricing_default  avia-builder-el-7  el_after_av_textblock  el_before_av_textblock  sygytDownloadTable sygytMultiUserTable'  itemscope=\"itemscope\" itemtype=\"https:\/\/schema.org\/Table\" ><caption>Mehrbenutzerlizenzen f\u00fcr VVV Pro<\/caption><tbody><tr class='avia-heading-row'><th class=''>Pl\u00e4tze<\/th><th class=''>Preis<\/th><th class=''><\/th><\/tr><tr class=''><td class=''>5<\/td><td class=''>\n<\/td><td class=''>\n<div class=\"avia-button-wrap avia-button-center avia-builder-el-2 el_before_av_button avia-builder-el-first \"><a class=\"avia-button avia-icon_select-yes-left-icon avia-color-theme-color avia-size-small avia-position-center \" href=\"https:\/\/sygyt.onfastspring.com\/vvvp-5\" data-fsc-item-path-value=\"vvvp-5\" data-fsc-action=\"Add, Checkout\" data-fsc-item-path=\"vvvp-5\"><span class=\"avia_iconbox_title\">Bestellen<\/span><\/a><\/div>\n<\/td><\/tr><tr class=''><td class=''>10<\/td><td class=''>\n<\/td><td class=''>\n<div class=\"avia-button-wrap avia-button-center avia-builder-el-2 el_before_av_button avia-builder-el-first \"><a class=\"avia-button avia-icon_select-yes-left-icon avia-color-theme-color avia-size-small avia-position-center \" href=\"https:\/\/sygyt.onfastspring.com\/vvvp-10\" data-fsc-item-path-value=\"vvvp-10\" data-fsc-action=\"Add, Checkout\" data-fsc-item-path=\"vvvp-10\"><span class=\"avia_iconbox_title\">Bestellen<\/span><\/a><\/div>\n<\/td><\/tr><tr class=''><td class=''>20<\/td><td class=''>\n<\/td><td class=''>\n<div class=\"avia-button-wrap avia-button-center avia-builder-el-2 el_before_av_button avia-builder-el-first \"><a class=\"avia-button avia-icon_select-yes-left-icon avia-color-theme-color avia-size-small avia-position-center \" href=\"https:\/\/sygyt.onfastspring.com\/vvvp-20\" data-fsc-item-path-value=\"vvvp-20\" data-fsc-action=\"Add, Checkout\" data-fsc-item-path=\"vvvp-20\"><span class=\"avia_iconbox_title\">Bestellen<\/span><\/a><\/div>\n<\/td><\/tr><tr class=''><td class=''>30<\/td><td class=''>\n<\/td><td class=''>\n<div class=\"avia-button-wrap avia-button-center avia-builder-el-2 el_before_av_button avia-builder-el-first \"><a class=\"avia-button avia-icon_select-yes-left-icon avia-color-theme-color avia-size-small avia-position-center \" href=\"https:\/\/sygyt.onfastspring.com\/vvvp-30\" data-fsc-item-path-value=\"vvvp-30\" data-fsc-action=\"Add, Checkout\" data-fsc-item-path=\"vvvp-30\"><span class=\"avia_iconbox_title\">Bestellen<\/span><\/a><\/div>\n<\/td><\/tr><tr class=''><td class=''>50<\/td><td class=''>\n<\/td><td class=''>\n<div class=\"avia-button-wrap avia-button-center avia-builder-el-2 el_before_av_button avia-builder-el-first \"><a class=\"avia-button avia-icon_select-yes-left-icon avia-color-theme-color avia-size-small avia-position-center \" href=\"https:\/\/sygyt.onfastspring.com\/vvvp-50\" data-fsc-item-path-value=\"vvvp-50\" data-fsc-action=\"Add, Checkout\" data-fsc-item-path=\"vvvp-50\"><span class=\"avia_iconbox_title\">Bestellen<\/span><\/a><\/div>\n<\/td><\/tr><tr class=''><td class=''>100<\/td><td class=''>\n<\/td><td class=''>\n<div class=\"avia-button-wrap avia-button-center avia-builder-el-2 el_before_av_button avia-builder-el-first \"><a class=\"avia-button avia-icon_select-yes-left-icon avia-color-theme-color avia-size-small avia-position-center \" href=\"https:\/\/sygyt.onfastspring.com\/vvvp-100\" data-fsc-item-path-value=\"vvvp-100\" data-fsc-action=\"Add, Checkout\" data-fsc-item-path=\"vvvp-100\"><span class=\"avia_iconbox_title\">Bestellen<\/span><\/a><\/div>\n<\/td><\/tr><\/tbody><\/table><\/div><style type='text\/css'>.avia-table-2 td:nth-of-type(1):before { content: 'Pl\u00e4tze'; } .avia-table-2 td:nth-of-type(2):before { content: 'Preis'; } .avia-table-2 td:nth-of-type(3):before { content: ''; } <\/style>\n<section  class='av_textblock_section av-1bp02-2cab8762594c7b55af3e0a6ad9b57b04 '   itemscope=\"itemscope\" itemtype=\"https:\/\/schema.org\/CreativeWork\" ><div class='avia_textblock'  itemprop=\"text\" ><p>Noch Fragen? Z\u00f6gern Sie nicht, uns unter <a href=\"mailto:info@sygyt.com\">info@sygyt.com<\/a> zu kontaktieren. Bitte werfen Sie auch einen Blick auf unsere <a href=\"https:\/\/www.sygyt.com\/de\/support\/faq\/\">H\u00e4ufig gestellten Fragen<\/a>.<\/p>\n<\/div><\/section>\n<\/div><\/div><\/div><!-- close content main div --><\/div><\/div><div id='after_section_1'  class='main_color av_default_container_wrap container_wrap fullsize'  ><div class='container av-section-cont-open' ><div class='template-page content  av-content-full alpha units'><div class='post-entry post-entry-type-page post-entry-34'><div class='entry-content-wrapper clearfix'>\n<section  class='av_textblock_section av-13wr6-bda747a0f3cc36f0d7ce54a2fbd66599 '   itemscope=\"itemscope\" itemtype=\"https:\/\/schema.org\/CreativeWork\" ><div class='avia_textblock'  itemprop=\"text\" >\n<\/div><\/section>\n","protected":false},"excerpt":{"rendered":"","protected":false},"author":1,"featured_media":0,"parent":0,"menu_order":0,"comment_status":"closed","ping_status":"closed","template":"","meta":{"footnotes":""},"class_list":["post-34","page","type-page","status-publish","hentry"],"_links":{"self":[{"href":"https:\/\/www.sygyt.com\/de\/wp-json\/wp\/v2\/pages\/34","targetHints":{"allow":["GET"]}}],"collection":[{"href":"https:\/\/www.sygyt.com\/de\/wp-json\/wp\/v2\/pages"}],"about":[{"href":"https:\/\/www.sygyt.com\/de\/wp-json\/wp\/v2\/types\/page"}],"author":[{"embeddable":true,"href":"https:\/\/www.sygyt.com\/de\/wp-json\/wp\/v2\/users\/1"}],"replies":[{"embeddable":true,"href":"https:\/\/www.sygyt.com\/de\/wp-json\/wp\/v2\/comments?post=34"}],"version-history":[{"count":16,"href":"https:\/\/www.sygyt.com\/de\/wp-json\/wp\/v2\/pages\/34\/revisions"}],"predecessor-version":[{"id":394,"href":"https:\/\/www.sygyt.com\/de\/wp-json\/wp\/v2\/pages\/34\/revisions\/394"}],"wp:attachment":[{"href":"https:\/\/www.sygyt.com\/de\/wp-json\/wp\/v2\/media?parent=34"}],"curies":[{"name":"wp","href":"https:\/\/api.w.org\/{rel}","templated":true}]}}